{"id":198,"date":"2020-01-24T07:52:58","date_gmt":"2020-01-24T07:52:58","guid":{"rendered":"http:\/\/www.hotelleriedemonaco.info\/wp\/?page_id=198"},"modified":"2024-03-17T08:44:48","modified_gmt":"2024-03-17T07:44:48","slug":"guide-des-saisonniers","status":"publish","type":"page","link":"https:\/\/hotelleriedemonaco.com\/?page_id=198","title":{"rendered":"Guide des Saisonniers"},"content":{"rendered":"<p style=\"text-align: center;\" align=\"center\"><b>Guide pratique des saisonniers:<\/b><\/p>\n<p style=\"text-align: center;\" align=\"center\">&#8211; Editorial:<\/p>\n<p>Les conditions d\u2019embauche saisonni\u00e8re dans les HCR souffrent d\u2019une certaine opacit\u00e9 li\u00e9e au caract\u00e8re ponctuel et limit\u00e9 de l\u2019intervention des salari\u00e9s en \u00e9tablissement.<\/p>\n<p>Nombre d\u2019entre vous se voient ainsi r\u00e9guli\u00e8rement priv\u00e9s de leurs principaux avantages sociaux.<\/p>\n<p>C\u2019est pourquoi les syndicats et des Cuisiniers P\u00e2tissiers et Tabliers Bleus et des HCR\u00a0 n\u00e9gocient r\u00e9guli\u00e8rement afin d\u2019am\u00e9liorer vos acquis et vous informe de ceux-ci \u00e0 chaque \u00e9tape de votre activit\u00e9 professionnelle.<\/p>\n<p style=\"text-align: left;\" align=\"center\">Nous avons r\u00e9uni dans ce guide, consultable \u00e0 tout moment, toutes les informations juridiques et sociales indispensables qui vous permettront d\u2019exercer votre activit\u00e9 :<\/p>\n<p>Convention Collective, contrat de travail, salaires, protection sociale\u2026<\/p>\n<p>Pour nous suivre au quotidien, rendez-vous d\u00e8s \u00e0 pr\u00e9sent sur <a href=\"https:\/\/www.facebook.com\/syndicatdescuisiniers.patissiers\">http:\/\/facebook.com\/syndicatdescuisiniers.patissiers<\/a><\/p>\n<p>Notre engagement est de faire reconna\u00eetre le statut saisonnier comme un statut \u00e0 part enti\u00e8re.<\/p>\n<p>Tr\u00e8s bonne saison \u00e0 tous.<\/p>\n<p style=\"text-align: center;\" align=\"center\"><b>Livret de bienvenue en Principaut\u00e9.<\/b><\/p>\n<p style=\"text-align: center;\"><b>\u00a0Introduction\u00a0:<\/b><\/p>\n<p>Les Cuisiniers, P\u00e2tissiers ou Tabliers Bleus comme dans la plupart des autres secteurs d\u2019activit\u00e9s en Principaut\u00e9 sont organis\u00e9s par une Convention Collective. Texte r\u00e9glementaire d\u00e9finissant chacun des statuts des employ\u00e9s \u00a0apr\u00e8s une n\u00e9gociation pass\u00e9e entre\u00a0: les organisations repr\u00e9sentant les employeurs et les syndicats \u00a0repr\u00e9sentant les salari\u00e9s.<\/p>\n<p>A Monaco le droit syndical est consacr\u00e9 par la Constitution.<\/p>\n<p><b>TOUTE PERSONNE<\/b> peut d\u00e9fendre les droits et int\u00e9r\u00eats de sa profession, ou de sa fonction, par l\u2019action syndicale. \u00a0(Art 1 Loi n\u00b0541 du 15 Mai 1951).<\/p>\n<p>Les entreprises comptant au moins quarante salari\u00e9s peuvent b\u00e9n\u00e9ficier de la nomination d\u2019un d\u00e9l\u00e9gu\u00e9 syndical par syndicat. (Art 2 Loi n\u00b0957 du 18 juillet 1974)<\/p>\n<p style=\"text-align: center;\"><b>Constat\u00a0:<\/b><\/p>\n<p>Les conditions de travail dont tu b\u00e9n\u00e9ficies sont le r\u00e9sultat de l\u2019action \u00a0du Syndicat des Cuisiniers, P\u00e2tissiers, Tabliers bleus et de ses adh\u00e9rents.<\/p>\n<p>Tu peux toi aussi \u00a0participer au maintien de ces conditions de travail et de leurs am\u00e9liorations, en rejoignant ton syndicat. Ton implication est essentielle pour d\u00e9fendre ces valeurs.<\/p>\n<p>Nous pensons que l\u2019activit\u00e9 professionnelle et l\u2019activit\u00e9 sociale ou syndicale vont de pair pour se construire une vie plus riche et nous serions heureux de t\u2019accueillir dans notre syndicat.<\/p>\n<p>La force que nous repr\u00e9sentons n\u2019est constitu\u00e9e que par le nombre et la qualit\u00e9 de nos adh\u00e9rents. Plus grande sera notre force et meilleures seront les conditions de travail des Cuisiniers, P\u00e2tissiers, Tabliers bleus.<\/p>\n<h1 style=\"text-align: center;\">La r\u00e9mun\u00e9ration<\/h1>\n<p>Toutes les heures effectu\u00e9es doivent \u00eatre pay\u00e9es. L\u2019employeur doit vous remettre un bulletin de paie sur lequel figurent notamment le nombre d\u2019heures pay\u00e9es, le taux horaire et votre qualification.<\/p>\n","protected":false},"excerpt":{"rendered":"<p>Guide pratique des saisonniers: &#8211; Editorial: Les conditions d\u2019embauche saisonni\u00e8re dans les HCR souffrent d\u2019une certaine opacit\u00e9 li\u00e9e au caract\u00e8re ponctuel et limit\u00e9 de l\u2019intervention des salari\u00e9s en \u00e9tablissement. Nombre d\u2019entre vous se voient ainsi r\u00e9guli\u00e8rement priv\u00e9s de leurs principaux avantages sociaux. C\u2019est pourquoi les syndicats et des Cuisiniers P\u00e2tissiers et Tabliers Bleus et des [&hellip;]<\/p>\n","protected":false},"author":1,"featured_media":0,"parent":0,"menu_order":0,"comment_status":"closed","ping_status":"closed","template":"","meta":{"footnotes":""},"class_list":["post-198","page","type-page","status-publish","hentry"],"_links":{"self":[{"href":"https:\/\/hotelleriedemonaco.com\/index.php?rest_route=\/wp\/v2\/pages\/198","targetHints":{"allow":["GET"]}}],"collection":[{"href":"https:\/\/hotelleriedemonaco.com\/index.php?rest_route=\/wp\/v2\/pages"}],"about":[{"href":"https:\/\/hotelleriedemonaco.com\/index.php?rest_route=\/wp\/v2\/types\/page"}],"author":[{"embeddable":true,"href":"https:\/\/hotelleriedemonaco.com\/index.php?rest_route=\/wp\/v2\/users\/1"}],"replies":[{"embeddable":true,"href":"https:\/\/hotelleriedemonaco.com\/index.php?rest_route=%2Fwp%2Fv2%2Fcomments&post=198"}],"version-history":[{"count":2,"href":"https:\/\/hotelleriedemonaco.com\/index.php?rest_route=\/wp\/v2\/pages\/198\/revisions"}],"predecessor-version":[{"id":1083,"href":"https:\/\/hotelleriedemonaco.com\/index.php?rest_route=\/wp\/v2\/pages\/198\/revisions\/1083"}],"wp:attachment":[{"href":"https:\/\/hotelleriedemonaco.com\/index.php?rest_route=%2Fwp%2Fv2%2Fmedia&parent=198"}],"curies":[{"name":"wp","href":"https:\/\/api.w.org\/{rel}","templated":true}]}}