{"id":570,"date":"2012-12-28T19:13:05","date_gmt":"2012-12-28T19:13:05","guid":{"rendered":"http:\/\/www.hotelleriedemonaco.info\/wp\/?page_id=10"},"modified":"2026-03-27T18:22:29","modified_gmt":"2026-03-27T17:22:29","slug":"bureau-syndical","status":"publish","type":"page","link":"https:\/\/hotelleriedemonaco.com\/?page_id=570","title":{"rendered":"Bureau syndical"},"content":{"rendered":"<h2 style=\"text-align: center;\"><strong style=\"font-size: 2em;\">2026<\/strong><\/h2>\n<h2 style=\"text-align: center;\"><strong>\u00a0Cuisiniers &amp; P\u00e2tissiers<\/strong><\/h2>\n<p style=\"text-align: center;\" align=\"center\"><strong>Secr\u00e9taire g\u00e9n\u00e9ral\u00a0:<br \/><\/strong>BENABI Meriem<\/p>\n<p style=\"text-align: center;\" align=\"center\"><strong>Secr\u00e9taire g\u00e9n\u00e9ral adjoint\u00a0:<br \/><\/strong>\u00a0MACQ Sylvain \/ JOUHADI Taoufiq<\/p>\n<p style=\"text-align: center;\" align=\"center\"><strong>Tr\u00e9sorier\u00a0:<br \/><\/strong>CHICHEPORTICHE Alain<\/p>\n<p style=\"text-align: center;\" align=\"center\"><strong>Archiviste \/ com <\/strong>:<\/p>\n<p style=\"text-align: center;\" align=\"center\">RAIBAUD Jean<\/p>\n<div style=\"text-align: center;\" align=\"center\">\n<p style=\"text-align: center;\"><strong>Syndicalisation:<br \/><\/strong>CORTE Edoardo \/ GALLO Michele<\/p>\n<\/div>\n<h2 style=\"text-align: center;\" align=\"center\"><strong>***<\/strong><\/h2>\n<p style=\"text-align: center;\" align=\"center\"><strong><em>H\u00f4tel M\u00e9ridien<\/em><\/strong><\/p>\n<div align=\"center\">\n<p style=\"text-align: center;\"><em>MONTERO Olivier (d\u00e9l\u00e9gu\u00e9 syndical)<\/em><\/p>\n<p style=\"text-align: center;\">CORTE Edoardo (d\u00e9l\u00e9gu\u00e9 syndical)<\/p>\n<p>GUYONNEAU Jean-Claude<\/p>\n<p style=\"text-align: center;\">BAH Boubacar<\/p>\n<p style=\"text-align: center;\">***<\/p>\n<p style=\"text-align: center;\"><strong>H\u00f4tel de Paris<\/strong><\/p>\n<p style=\"text-align: center;\">JOUHADI Taoufiq <em>(d\u00e9l\u00e9gu\u00e9 syndical)<\/em><\/p>\n<p style=\"text-align: center;\">REJRAJI Brahim <em>(d\u00e9l\u00e9gu\u00e9 syndical)<\/em><\/p>\n<p style=\"text-align: center;\">SAM Mostafa<\/p>\n<p style=\"text-align: center;\">LECCIA Jean-Marie<\/p>\n<p style=\"text-align: center;\">EL KHAYAT Mustapha<\/p>\n<p style=\"text-align: center;\">***<\/p>\n<p style=\"text-align: center;\"><strong>Fairmont MC<\/strong><\/p>\n<p style=\"text-align: center;\">GALLO Michele <em>(d\u00e9l\u00e9gu\u00e9 syndical)<\/em><\/p>\n<p style=\"text-align: center;\">BENABI Meriem (<em>(d\u00e9l\u00e9gu\u00e9e syndicale)<\/em><\/p>\n<p>PEREIRA Amilcar<\/p>\n<p>SALHAMI Kalide<\/p>\n<p style=\"text-align: center;\">MOUDOUD Nourredine<\/p>\n<p style=\"text-align: center;\">***<\/p>\n<p style=\"text-align: center;\"><strong>ONE Monte-Carlo<\/strong><\/p>\n<p style=\"text-align: center;\">TENAILLEAU Pascal <em>(d\u00e9l\u00e9gu\u00e9 syndical)<\/em><\/p>\n<p style=\"text-align: center;\">CHICHEPORTICHE Alain, (<em>D\u00e9l\u00e9gu\u00e9 syndical<\/em>)<\/p>\n<p style=\"text-align: center;\">MADALA Franck<\/p>\n<p style=\"text-align: center;\">***<\/p>\n<p style=\"text-align: center;\"><strong>Caf\u00e9 de Paris\u00a0:<\/strong><\/p>\n<p style=\"text-align: center;\">HUCHET David (d\u00e9l\u00e9gu\u00e9 syndical)<\/p>\n<p>BABA Tariq<\/p>\n<p style=\"text-align: center;\">***<\/p>\n<p style=\"text-align: center;\"><strong>Exp ext SBM<\/strong><\/p>\n<p style=\"text-align: center;\">RUFO Emanuel<em>(d\u00e9l\u00e9gu\u00e9 syndical)<\/em><\/p>\n<p style=\"text-align: center;\"><em>(d\u00e9l\u00e9gu\u00e9 syndical)<\/em><\/p>\n<p style=\"text-align: center;\">***<\/p>\n<p style=\"text-align: center;\"><b>Bouddha<\/b><strong>\u00a0Bar<\/strong><\/p>\n<p style=\"text-align: center;\">GILLIAND David <em>(d\u00e9l\u00e9gu\u00e9 syndical)<\/em><\/p>\n<p style=\"text-align: center;\">CASTELLANI Gilles<em>(d\u00e9l\u00e9gu\u00e9 syndical)<\/em><\/p>\n<p style=\"text-align: center;\">***<\/p>\n<p style=\"text-align: center;\"><strong>H\u00f4tel Hermitage<\/strong><\/p>\n<p style=\"text-align: center;\">REVEILLON Sophie <em>(d\u00e9l\u00e9gu\u00e9e syndicale)<\/em><\/p>\n<p style=\"text-align: center;\">RAIBAUD Jean <em>(d\u00e9l\u00e9gu\u00e9 syndical)<\/em><\/p>\n<p style=\"text-align: center;\">***<\/p>\n<p style=\"text-align: center;\"><strong>Monte-Carlo Bay<\/strong><\/p>\n<p style=\"text-align: center;\">MACQ Sylvain (<em>D\u00e9l\u00e9gu\u00e9 syndical<\/em>)<\/p>\n<p>MONCADA Micha\u00ebl DAN<\/p>\n<p>***<\/p>\n<p><strong>H\u00f4tel Columbus<\/strong><\/p>\n<p>MIKHAEL Tony<\/p>\n<p style=\"text-align: center;\">***<\/p>\n<\/div>\n<p style=\"text-align: center;\">Permanent \u00e0 l&rsquo; USM :<\/p>\n<p style=\"text-align: center;\">Mme BONNANS Gabrielle<\/p>\n\n\n<p><\/p>\n","protected":false},"excerpt":{"rendered":"<p>2026 \u00a0Cuisiniers &amp; P\u00e2tissiers Secr\u00e9taire g\u00e9n\u00e9ral\u00a0:BENABI Meriem Secr\u00e9taire g\u00e9n\u00e9ral adjoint\u00a0:\u00a0MACQ Sylvain \/ JOUHADI Taoufiq Tr\u00e9sorier\u00a0:CHICHEPORTICHE Alain Archiviste \/ com : RAIBAUD Jean Syndicalisation:CORTE Edoardo \/ GALLO Michele *** H\u00f4tel M\u00e9ridien MONTERO Olivier (d\u00e9l\u00e9gu\u00e9 syndical) CORTE Edoardo (d\u00e9l\u00e9gu\u00e9 syndical) GUYONNEAU Jean-Claude BAH Boubacar *** H\u00f4tel de Paris JOUHADI Taoufiq (d\u00e9l\u00e9gu\u00e9 syndical) REJRAJI Brahim (d\u00e9l\u00e9gu\u00e9 syndical) SAM [&hellip;]<\/p>\n","protected":false},"author":1,"featured_media":0,"parent":0,"menu_order":0,"comment_status":"open","ping_status":"closed","template":"","meta":{"footnotes":""},"class_list":["post-570","page","type-page","status-publish","hentry"],"_links":{"self":[{"href":"https:\/\/hotelleriedemonaco.com\/index.php?rest_route=\/wp\/v2\/pages\/570","targetHints":{"allow":["GET"]}}],"collection":[{"href":"https:\/\/hotelleriedemonaco.com\/index.php?rest_route=\/wp\/v2\/pages"}],"about":[{"href":"https:\/\/hotelleriedemonaco.com\/index.php?rest_route=\/wp\/v2\/types\/page"}],"author":[{"embeddable":true,"href":"https:\/\/hotelleriedemonaco.com\/index.php?rest_route=\/wp\/v2\/users\/1"}],"replies":[{"embeddable":true,"href":"https:\/\/hotelleriedemonaco.com\/index.php?rest_route=%2Fwp%2Fv2%2Fcomments&post=570"}],"version-history":[{"count":5,"href":"https:\/\/hotelleriedemonaco.com\/index.php?rest_route=\/wp\/v2\/pages\/570\/revisions"}],"predecessor-version":[{"id":1202,"href":"https:\/\/hotelleriedemonaco.com\/index.php?rest_route=\/wp\/v2\/pages\/570\/revisions\/1202"}],"wp:attachment":[{"href":"https:\/\/hotelleriedemonaco.com\/index.php?rest_route=%2Fwp%2Fv2%2Fmedia&parent=570"}],"curies":[{"name":"wp","href":"https:\/\/api.w.org\/{rel}","templated":true}]}}