{"id":573,"date":"2012-12-28T19:18:23","date_gmt":"2012-12-28T19:18:23","guid":{"rendered":"http:\/\/www.hotelleriedemonaco.info\/wp\/?page_id=19"},"modified":"2026-02-10T10:54:50","modified_gmt":"2026-02-10T09:54:50","slug":"h-c-r","status":"publish","type":"page","link":"https:\/\/hotelleriedemonaco.com\/?page_id=573","title":{"rendered":"H.C.R"},"content":{"rendered":"<h1 style=\"text-align: center;\">SYNDICAT\u00a0DES\u00a0H\u00d4TELS, CAF\u00c9S, RESTAURANTS<\/h1>\n<p style=\"text-align: center;\"><a href=\"http:\/\/www.hotellerieactionmonaco.info\/\">http:\/\/www.hotellerieactionmonaco.info\/<\/a><\/p>\n<div align=\"center\">\n<table width=\"550\" cellspacing=\"0\" cellpadding=\"0\">\n<tbody>\n<tr>\n<td colspan=\"4\" valign=\"top\">\n<div align=\"center\">\n<p><strong>SYNDICAT\u00a0<\/strong>DES<strong>\u00a0HOTELS &#8211; CAFES &#8211; RESTAURANTS &#8211; BARS<\/strong><br \/>\n<strong>28, BOULEVARD RAINIER III<\/strong><br \/>\nMC 98000 MONACO<br \/>\nTel: (+377) 93 30 19 30<\/p>\n<\/div>\n<p align=\"center\">Permanence tous les mardi de 14h \u00e0 16h<\/p>\n<p style=\"text-align: center;\">******<\/p>\n<p align=\"center\">Le\u00a0<em><strong>Syndicat H\u00f4tels Caf\u00e9s Restaurants<\/strong><\/em>\u00a0vous souhaite la bienvenue sur son site.<\/p>\n<p align=\"left\">Pr\u00e9sent dans les plus grands et prestigieux Palaces de la Principaut\u00e9 jusqu&rsquo;au plus petit caf\u00e9, le Syndicat \u0153uvre pour d\u00e9fendre les int\u00e9r\u00eats des salaries de notre profession.<br \/>\nGrace \u00e0 ses militants actifs, le\u00a0<em><strong>Syndicat des H.C.R<\/strong><\/em>, avec l&rsquo;\u00a0<a href=\"http:\/\/www.usm.mc\/\">Union des Syndicats de Monaco<\/a>\u00a0travaille cette ann\u00e9e pour obtenir de nouvelles conqu\u00eates sociales.<\/p>\n<p align=\"center\">Pour y parvenir\u00a0<strong>nous avons besoin de vous !!!<\/strong><\/p>\n<p><strong><br \/>\nRejoignez-nous en adh\u00e9rant \u00e0 notre organisation Syndicale, car ensemble et plus fort nous obtiendrons le Progr\u00e8s Social :<\/strong><\/p>\n<table border=\"0\" width=\"93%\">\n<tbody>\n<tr>\n<td align=\"right\" valign=\"middle\" width=\"18%\"><\/td>\n<td align=\"center\" width=\"1%\"><\/td>\n<td width=\"81%\">\n<ul class=\"style-disc\">\n<li>Revalorisation des salaires pour tous<\/li>\n<li>Meilleures conditions de travail<\/li>\n<li>Diminution du temps de travail sans perte de salaire<\/li>\n<li>Pr\u00e9servation du pourcentage du service<\/li>\n<li>Plan d\u2019\u00e9volution de carri\u00e8re<\/li>\n<li>Formation professionnelle<\/li>\n<li>Diminution de l\u2019amplitude de travail<\/li>\n<\/ul>\n<ul class=\"style-disc\">\n<li>Retraite \u00e0 taux plein \u00e0 60 ans<\/li>\n<\/ul>\n<\/td>\n<\/tr>\n<\/tbody>\n<\/table>\n<div align=\"center\"><\/div>\n<div align=\"center\"><\/div>\n<p align=\"left\">D&rsquo;ailleurs, ce n&rsquo;est un secret pour personne : il ressort que les salari\u00e9s parviennent non seulement \u00e0 conserver leurs acquis, mais aussi \u00e0 am\u00e9liorer leurs conditions dans les entreprises o\u00f9 ils sont fortement syndiqu\u00e9s par rapport \u00e0 celles o\u00f9 ils ne le sont pas ou peu organis\u00e9s.\u00a0<strong>Votre int\u00e9r\u00eat est bien d&rsquo;\u00eatre syndiqu\u00e9 !!!<\/strong><\/p>\n<p>____________________________________________________________<\/p>\n<table width=\"550\" cellspacing=\"0\" cellpadding=\"0\">\n<tbody>\n<tr>\n<td colspan=\"4\" valign=\"top\">\n<div align=\"center\">\n<p><a href=\"http:\/\/www.hotelleriedemonaco.info\/wp\/wp-content\/uploads\/2020\/01\/HCR2020.pdf\">Cotisations H.C.R. :<\/a><\/p>\n<p><strong>L&rsquo;Assembl\u00e9e G\u00e9n\u00e9rale a d\u00e9fini le prix de<br \/>\nla cotisation syndicale pour l&rsquo;ann\u00e9e 2026<\/strong><\/p>\n<p><strong>Prix de l&rsquo;adh\u00e9sion<\/strong>\u00a0&#8211;\u00a0<strong>HCR<\/strong><\/p>\n<h1><a href=\"https:\/\/www.usm.mc\/adhesion-en-prelevem\"><strong>Adh\u00e9sion en Ligne<\/strong><\/a><\/h1>\n<p>Pour cela il suffit aux personnes choisissant ce moyen de paiement de se rendre sur le site:<\/p>\n<p><strong>Adh\u00e9sion HCR 2026<\/strong><\/p>\n<table border=\"1\" width=\"470\">\n<tbody>\n<tr>\n<td width=\"42\"><\/td>\n<td width=\"188\">\n<div align=\"center\">Personnel au\u00a0<strong><br \/>\nsalaire fixe<\/strong><\/div>\n<\/td>\n<td width=\"218\">\n<div align=\"center\">Personnel avec\u00a0<strong><br \/>\nsalaire au pourcentage<\/strong><\/div>\n<\/td>\n<\/tr>\n<tr>\n<td height=\"37\">\n<div align=\"right\">Annuel<\/div>\n<\/td>\n<td>\n<div align=\"center\">258 \u20ac<\/div>\n<\/td>\n<td>\n<div align=\"center\">282 \u20ac<\/div>\n<\/td>\n<\/tr>\n<\/tbody>\n<\/table>\n<p>Pour le personnel justifiant avec fiche de paye d\u00e9cembre net fiscal moins de -30 000 euros \u00e0 l&rsquo;ann\u00e9e:\u00a0\u00a0246 \u20ac<\/p>\n<p>Pour les moins de 30 ans: 141 \u20ac<\/p>\n<p>Pour les Saisonniers : 141 euros<strong>\u00a0\u00a0<\/strong><\/p>\n<p>Retrait\u00e9 \/ Ch\u00f4meurs: 99 \u20ac<\/p>\n<p>La cotisation syndicale est d\u00e9ductible pour 66 % des imp\u00f4ts<\/p>\n<p>Note : le\u00a0<em><strong>guide juridique et pratique<\/strong><\/em>\u00a0est \u00e0 votre disposition \u00e0 l&rsquo;USM<\/p>\n<\/div>\n<\/td>\n<\/tr>\n<\/tbody>\n<\/table>\n<p align=\"center\">\n<\/td>\n<\/tr>\n<\/tbody>\n<\/table>\n<\/div>\n","protected":false},"excerpt":{"rendered":"<p>SYNDICAT\u00a0DES\u00a0H\u00d4TELS, CAF\u00c9S, RESTAURANTS http:\/\/www.hotellerieactionmonaco.info\/ SYNDICAT\u00a0DES\u00a0HOTELS &#8211; CAFES &#8211; RESTAURANTS &#8211; BARS 28, BOULEVARD RAINIER III MC 98000 MONACO Tel: (+377) 93 30 19 30 Permanence tous les mardi de 14h \u00e0 16h ****** Le\u00a0Syndicat H\u00f4tels Caf\u00e9s Restaurants\u00a0vous souhaite la bienvenue sur son site. Pr\u00e9sent dans les plus grands et prestigieux Palaces de la Principaut\u00e9 jusqu&rsquo;au [&hellip;]<\/p>\n","protected":false},"author":1,"featured_media":0,"parent":0,"menu_order":0,"comment_status":"open","ping_status":"open","template":"","meta":{"footnotes":""},"class_list":["post-573","page","type-page","status-publish","hentry"],"_links":{"self":[{"href":"https:\/\/hotelleriedemonaco.com\/index.php?rest_route=\/wp\/v2\/pages\/573","targetHints":{"allow":["GET"]}}],"collection":[{"href":"https:\/\/hotelleriedemonaco.com\/index.php?rest_route=\/wp\/v2\/pages"}],"about":[{"href":"https:\/\/hotelleriedemonaco.com\/index.php?rest_route=\/wp\/v2\/types\/page"}],"author":[{"embeddable":true,"href":"https:\/\/hotelleriedemonaco.com\/index.php?rest_route=\/wp\/v2\/users\/1"}],"replies":[{"embeddable":true,"href":"https:\/\/hotelleriedemonaco.com\/index.php?rest_route=%2Fwp%2Fv2%2Fcomments&post=573"}],"version-history":[{"count":6,"href":"https:\/\/hotelleriedemonaco.com\/index.php?rest_route=\/wp\/v2\/pages\/573\/revisions"}],"predecessor-version":[{"id":1189,"href":"https:\/\/hotelleriedemonaco.com\/index.php?rest_route=\/wp\/v2\/pages\/573\/revisions\/1189"}],"wp:attachment":[{"href":"https:\/\/hotelleriedemonaco.com\/index.php?rest_route=%2Fwp%2Fv2%2Fmedia&parent=573"}],"curies":[{"name":"wp","href":"https:\/\/api.w.org\/{rel}","templated":true}]}}